{"id":113,"date":"2025-05-07T13:17:02","date_gmt":"2025-05-07T11:17:02","guid":{"rendered":"https:\/\/zeromski.waw.pl\/bip\/?page_id=113"},"modified":"2026-01-26T13:35:25","modified_gmt":"2026-01-26T12:35:25","slug":"dostepnosc-cyfrowa-i-architektoniczna","status":"publish","type":"page","link":"https:\/\/zeromski.waw.pl\/bip\/dostepnosc-cyfrowa-i-architektoniczna\/","title":{"rendered":"Dost\u0119pno\u015b\u0107 cyfrowa i architektoniczna"},"content":{"rendered":"\n<p class=\"has-text-align-center has-white-color has-cyan-bluish-gray-background-color has-text-color has-background has-link-color has-medium-font-size wp-elements-960b2d523a798444197ef85df6555799\"><strong>DEKLARACJA DOST\u0118PNO\u015aCI 2025<\/strong><\/p>\n\n\n\n<p>XL Liceum Og\u00f3lnokszta\u0142c\u0105ce z Oddzia\u0142ami Dwuj\u0119zycznymi im. Stefana \u017beromskiego w Warszawie zobowi\u0105zuje si\u0119 zapewni\u0107 dost\u0119pno\u015b\u0107 m.in. swojej strony internetowej zgodnie z przepisami ustawy z dnia 4 kwietnia 2019 r. o dost\u0119pno\u015bci cyfrowej stron internetowych i aplikacji mobilnych podmiot\u00f3w publicznych. O\u015bwiadczenie w sprawie dost\u0119pno\u015bci ma zastosowanie do publikacji w Biuletynie Informacji Publicznej XL Liceum Og\u00f3lnokszta\u0142c\u0105ce z Oddzia\u0142ami Dwuj\u0119zycznymi im. Stefana \u017beromskiego w Warszawie(zgodnie z ustaw\u0105 z dnia 4 kwietnia 2019 r. o dost\u0119pno\u015bci cyfrowej stron internetowych i aplikacji mobilnych podmiot\u00f3w publicznych \u2013 Dz.U.2019 r. poz.848 oraz Decyzj\u0105 wykonawcz\u0105 Komisji (UE) 2018\/1523 z dnia 11 pa\u017adziernika 2018 r. ustanawiaj\u0105c\u0105 wz\u00f3r o\u015bwiadczenia w sprawie dost\u0119pno\u015bci stron internetowych i mobilnych aplikacji organ\u00f3w sektora publicznego.<\/p>\n\n\n\n<ul class=\"wp-block-list\">\n<li>Data publikacji strony internetowej: 2022-04-14<\/li>\n\n\n\n<li><strong>Data ostatniej istotnej aktualizacji: 2026-01-<\/strong>23<\/li>\n<\/ul>\n\n\n\n<ol class=\"wp-block-list\">\n<li>Osob\u0105 odpowiedzialn\u0105 (koordynatorem) w zakresie dost\u0119pno\u015bci informacyjno \u2013 komunikacyjnej jest p. El\u017cbieta Kiedysz e-mail: ekiedysz@eduwarszawa.pl ; (22) 6209968<\/li>\n\n\n\n<li>Osob\u0105 odpowiedzialn\u0105 za dost\u0119pno\u015b\u0107 cyfrow\u0105 jest p. Mateusz Berkieta.<\/li>\n\n\n\n<li>Osob\u0105 odpowiedzialn\u0105 (koordynatorem) w zakresie dost\u0119pno\u015bci architektonicznej jest p. Agnieszka Lenarczyk.<\/li>\n\n\n\n<li>Szko\u0142a do\u0142o\u017cy wszelkich stara\u0144, aby dost\u0119pno\u015b\u0107 i u\u017cyteczno\u015b\u0107 strony internetowej by\u0142a na poziomie WCAG 2.1.<\/li>\n\n\n\n<li>Dane teleadresowe szko\u0142y:<br>XL Liceum Og\u00f3lnokszta\u0142c\u0105ce z Oddzia\u0142ami Dwuj\u0119zycznymi im. Stefana \u017beromskiego w Warszawie,<br>ul. Platynowa 1, 00-808 Warszawa<br>tel\/fax: (22) 620-99-68<br>e-mail: lo40.zeromski@eduwarszawa.pl<br>www: <a href=\"https:\/\/www.zeromski.waw.pl\/\">https:\/\/www.zeromski.waw.pl\/<\/a><\/li>\n<\/ol>\n\n\n\n<h2 class=\"wp-block-heading\">Deklaracja dost\u0119pno\u015bci<\/h2>\n\n\n\n<h2 class=\"wp-block-heading\">Dost\u0119pno\u015b\u0107 architektoniczna obiektu Szko\u0142y<\/h2>\n\n\n\n<ol class=\"wp-block-list\">\n<li>Wej\u015bcie do budynku od strony ulicy Platynowej bez schod\u00f3w (podniesiony grunt) do wiatro\u0142apu (szklana dobud\u00f3wka), co umo\u017cliwia podjazd na w\u00f3zkach inwalidzkich.<\/li>\n\n\n\n<li>Na terenie szkolnym brak jest miejsc parkingowych. S\u0105 jedynie miejsca \u2013 w ograniczonej ilo\u015bci do 10 \u2013 postojowe dla pracownik\u00f3w, kt\u00f3rzy doje\u017cd\u017caj\u0105 do pracy swoimi \u015brodkami transportu osobowego.<\/li>\n\n\n\n<li>W budynku pion A i B brak toalet przystosowanych dla os\u00f3b niepe\u0142nosprawnych.<\/li>\n\n\n\n<li>Do budynku i wszystkich jego pomieszcze\u0144 mo\u017cna wej\u015b\u0107 z psem asystuj\u0105cym i psem przewodnikiem.<\/li>\n\n\n\n<li>Wyj\u015bcie na patio szkolne zosta\u0142o poszerzone dla os\u00f3b niepe\u0142nosprawnych.<\/li>\n\n\n\n<li>W budynku zosta\u0142a&nbsp; zainstalowana p\u0119tla indukcyjna w sekretariacie szko\u0142y.<\/li>\n\n\n\n<li>Przy wej\u015bciu znajduje si\u0119 dotykowy plan informacyjny budynku -plan tyflograficzny<\/li>\n\n\n\n<li>W budynku s\u0105 oznaczenia wszystkich sal w alfabecie Brail\u2019a dla os\u00f3b niewidomych i s\u0142abowidz\u0105cych oraz oznaczono schody kontrastowymi kolorami.<\/li>\n\n\n\n<li>W budynku na wej\u015bciu jest kontrola dost\u0119pu dla wchodz\u0105cych\/wychodz\u0105cych oraz jest kontrola dost\u0119pu do niekt\u00f3rych pomieszcze\u0144 specjalnych.<\/li>\n\n\n\n<li>Osoby wymagaj\u0105ce t\u0142umacza j\u0119zyka migowego mog\u0105 kontaktowa\u0107 si\u0119 z nasz\u0105 szko\u0142\u0105 poprzez t\u0142umacza migowego on-line PJM dost\u0119pnego na stronie internetowej szko\u0142y<\/li>\n<\/ol>\n\n\n\n<h2 class=\"wp-block-heading\">Dojazd do plac\u00f3wki<\/h2>\n\n\n\n<p>Doj\u015bcie piesze od ul. Towarowej, ul. Srebrnej, ul. \u017belaznej, Alej Jerozolimskich. Przej\u015bcia dla pieszych przy pl. Zawiszy, ul. \u017belaznej, ul. Srebrnej posiadaj\u0105 sygnalizacj\u0119 \u015bwietln\u0105 i d\u017awi\u0119kow\u0105.<br>Najbli\u017csze przystanki autobusowe: Aleje Jerozolimskie (128, 157, 159, 175, 414), ul. \u017belazna (157).<br>Najbli\u017csze przystanki tramwajowe: Aleje Jerozolimskie (7, 9, 22, 24), ul. Towarowa (1, 22, 24).<br>SKM i RM (PKP Warszawa \u2013 Ochota) \u2013 bez podjazdu dla niepe\u0142nosprawnych.<br>Najbli\u017csze miejsca parkingowe dla os\u00f3b z niepe\u0142nosprawno\u015bci\u0105 znajduj\u0105 si\u0119 na ul. Platynowej, parking u zbiegu ul. Chmielnej i Miedzianej.<br>Jest w okolicy post\u00f3j taks\u00f3wek \u2013 ul. Towarowa, przed Hotelem Tulip; ul. Gr\u00f3jecka 1\/3 przed Hotelem Radison Sobieski.<br><strong>Uwaga<\/strong>: informacje dotycz\u0105ce transportu publicznego mog\u0105 ulec zmianie, zaleca si\u0119 sprawdzi\u0107 aktualne informacje na stronie: https:\/\/www.wtp.waw.pl\/<\/p>\n\n\n\n<h2 class=\"wp-block-heading\">Dost\u0119pno\u015b\u0107 informacyjno- komunikacyjna. Wej\u015bcie do budynku i strefa obs\u0142ugi mieszka\u0144c\u00f3w.<\/h2>\n\n\n\n<ol class=\"wp-block-list\">\n<li>Opis dost\u0119pno\u015bci wej\u015bcia do budynku i przechodzenie przez obszar kontroli dost\u0119pu.<br>Budynek XL Liceum Og\u00f3lnokszta\u0142c\u0105ce z Oddzia\u0142ami Dwuj\u0119zycznymi im. Stefana \u017beromskiego w Warszawie posiada jedno g\u0142\u00f3wne wej\u015bcie, kt\u00f3re jest zadaszone i nie posiada na wej\u015bciu stopni schodowych. Posiada poziom zero (pochylenie gruntu) u\u0142atwiaj\u0105cy dost\u0119p dla os\u00f3b niepe\u0142nosprawnych.<\/li>\n\n\n\n<li>Opis dost\u0119pno\u015bci korytarzy, schod\u00f3w i wind.<br>W budynku szko\u0142y s\u0105 korytarze, schody, balustrady. Brak wind oraz platform dla niepe\u0142nosprawnych. Budynek posiada 3 kondygnacje naziemnie i 1 podziemn\u0105, do kt\u00f3rych prowadz\u0105 tylko schody.<\/li>\n\n\n\n<li>W budynku szko\u0142y nie ma zamontowanych platform, informacji g\u0142osowych.<\/li>\n\n\n\n<li>Informacje o miejscu i sposobie korzystania z miejsc parkingowych wyznaczonych dla os\u00f3b niepe\u0142nosprawnych<br>Najbli\u017csze miejsca parkingowe dla os\u00f3b z niepe\u0142nosprawno\u015bci\u0105 znajduj\u0105 si\u0119 na parkingu u zbiegu ulic Chmielnej i Miedzianej z wjazdem od strony ul. Chmielnej oraz na ul. Platynowej. Szko\u0142a nie posiada miejsc parkingowych, a jedynie miejsca postojowe w liczbie 10 dla pracownik\u00f3w doje\u017cd\u017caj\u0105cych do pracy z odleg\u0142ych miejsc zamieszkania.<\/li>\n\n\n\n<li>Informacja o prawie wst\u0119pu z psem asystuj\u0105cym i ewentualnych uzasadnionych ograniczeniach<br>Jest mo\u017cliwy wst\u0119p z psem asystuj\u0105cym do wszystkich pomieszcze\u0144 budynku. Budynek nie posiada toalet dostosowanych do potrzeb os\u00f3b niepe\u0142nosprawnych. Budynek nie posiada wind dostosowanych do potrzeb os\u00f3b niepe\u0142nosprawnych. Drogi ewakuacyjne wewn\u0105trz budynku s\u0105 oznakowane.<\/li>\n\n\n\n<li>Ka\u017cde pomieszczenie w szkole jest oznaczone w alfabecie Brail\u2019a dla os\u00f3b niewidomych i s\u0142abowidz\u0105cych.&nbsp;<\/li>\n\n\n\n<li>W sekretariacie szko\u0142y jest p\u0119tla indukcyjna<a href=\"https:\/\/www.tumozesz.pl\/pl\/miejsce\/xl-liceum-ogolnoksztalcace-z-oddzialami-dwujezycznymi-im-stefana-zeromskiego\"> www.tumozesz.pl<\/a><\/li>\n\n\n\n<li>Przy wej\u015bciu do budynku znajduje si\u0119 plan tyflograficzny.<\/li>\n\n\n\n<li>Na stronie internetowej szko\u0142y zapewniony jest dost\u0119p do t\u0142umacza j\u0119zyka migowego PJM<\/li>\n\n\n\n<li>Dost\u0119pny jest \u0142atwy tekst do czytania ETR oraz&nbsp; nagranie informacji w polskim j\u0119zyku migowym o dzia\u0142alno\u015bci jednostki PJM<\/li>\n\n\n\n<li>Brak windy do cel\u00f3w ewakuacyjnych.<\/li>\n<\/ol>\n\n\n\n<p><strong>Dost\u0119pno\u015b\u0107 cyfrowa<\/strong><\/p>\n\n\n\n<p>Strona internetowa jest cz\u0119\u015bciowo zgodna z ustaw\u0105 o dost\u0119pno\u015bci cyfrowej stron internetowych i aplikacji mobilnych podmiot\u00f3w publicznych z powodu niezgodno\u015bci wymienionych poni\u017cej:<\/p>\n\n\n\n<ol class=\"wp-block-list\">\n<li>Brak wyszukiwarki i opisu tekstowego modu\u0142u wyszukiwania informacji dla os\u00f3b niepe\u0142nosprawnych.<\/li>\n\n\n\n<li>Niekt\u00f3re linki prowadz\u0105ce do materia\u0142\u00f3w na innych stronach \/ podstronach nie zawieraj\u0105 tre\u015bci tekstowej, kt\u00f3r\u0105 mog\u0105 odczyta\u0107 programy dla niepe\u0142nosprawnych.<\/li>\n\n\n\n<li>Brak tytu\u0142u w zagnie\u017cd\u017conych ramkach tzw. frame i iframe.<\/li>\n<\/ol>\n\n\n\n<h2 class=\"wp-block-heading\">Informacja dla u\u017cytkownik\u00f3w niepe\u0142nosprawnych<\/h2>\n\n\n\n<ol class=\"wp-block-list\">\n<li>Zadbano o odpowiedni kontrast tekstu do t\u0142a. Dzi\u0119ki temu materia\u0142y osadzone na stronie s\u0105 czytelne tak\u017ce dla os\u00f3b s\u0142abowidz\u0105cych. Istnieje mo\u017cliwo\u015b\u0107 zmiany kontrastu strony za pomoc\u0105 ikony .<\/li>\n\n\n\n<li>Istnieje mo\u017cliwo\u015b\u0107 zmiany wielko\u015bci liter za pomoc\u0105 ikon: A, AA, AAA.<\/li>\n\n\n\n<li>Osoby umieszczaj\u0105ce teksty na stronie dok\u0142adaj\u0105 stara\u0144, aby by\u0142y one zrozumia\u0142e oraz formatowane w spos\u00f3b zgodny z zasadami dost\u0119pno\u015bci.<\/li>\n\n\n\n<li>Dok\u0142adamy stara\u0144 aby grafika i zdj\u0119cia w serwisie posiada\u0142y zdefiniowane alternatywne opisy, aby ich tre\u015b\u0107 by\u0142a zrozumia\u0142a dla os\u00f3b niedowidz\u0105cych i s\u0142abowidz\u0105cych oraz os\u00f3b, kt\u00f3re nie wy\u015bwietlaj\u0105 grafiki na przyk\u0142ad na urz\u0105dzeniach mobilnych.<\/li>\n\n\n\n<li>Strony witryny z \u0142atwo\u015bci\u0105 mo\u017cna przegl\u0105da\u0107 na ekranach urz\u0105dze\u0144 mobilnych poprawnie wspieraj\u0105cych wymienione standardy.<\/li>\n<\/ol>\n\n\n\n<p>Na stronie internetowej mo\u017cna u\u017cywa\u0107 standardowych skr\u00f3t\u00f3w klawiaturowych przegl\u0105darki. Przegl\u0105darki internetowe za pomoc\u0105 skr\u00f3t\u00f3w klawiaturowych lub odpowiednich ustawie\u0144 umo\u017cliwiaj\u0105 powi\u0119kszenie serwisu. Jest to szczeg\u00f3lnie pomocne dla os\u00f3b z wad\u0105 wzroku. Aby powi\u0119kszy\u0107 tekst nale\u017cy wybra\u0107 odpowiedni\u0105 kombinacj\u0119 klawiszy:<\/p>\n\n\n\n<h2 class=\"wp-block-heading\">Skr\u00f3ty klawiaturowe<\/h2>\n\n\n\n<ul class=\"wp-block-list\">\n<li>FIREFOX, CHROME, INTERNET EXPLORER\n<ul class=\"wp-block-list\">\n<li>[CTRL] oraz [+] aby powi\u0119kszy\u0107 widok<\/li>\n\n\n\n<li>[CTRL] oraz [-] aby pomniejszy\u0107 widok<\/li>\n<\/ul>\n<\/li>\n\n\n\n<li>OPERA\n<ul class=\"wp-block-list\">\n<li>[SHIFT] oraz [+] aby powi\u0119kszy\u0107 widok<\/li>\n\n\n\n<li>[-] aby pomniejszy\u0107 widok<\/li>\n<\/ul>\n<\/li>\n<\/ul>\n\n\n\n<h2 class=\"wp-block-heading\">Procedura wnioskowa i skargowa<\/h2>\n\n\n\n<p>Ka\u017cdy ma prawo do wyst\u0105pienia z \u017c\u0105daniem zapewnienia dost\u0119pno\u015bci cyfrowej strony internetowej, lub jakiego\u015b jej elementu. Mo\u017cna tak\u017ce za\u017c\u0105da\u0107 udost\u0119pnienia informacji w formach alternatywnych. \u017b\u0105danie powinno zawiera\u0107 dane osoby zg\u0142aszaj\u0105cej \u017c\u0105danie, wskazanie, o kt\u00f3r\u0105 stron\u0119 internetow\u0105 chodzi oraz spos\u00f3b kontaktu. Je\u017celi osoba \u017c\u0105daj\u0105ca zg\u0142asza potrzeb\u0119 otrzymania informacji w formie alternatywnej, powinna tak\u017ce okre\u015bli\u0107 form\u0119 tej informacji.<br>Podmiot publiczny powinien zrealizowa\u0107 \u017c\u0105danie niezw\u0142ocznie i nie p\u00f3\u017aniej, ni\u017c w ci\u0105gu 7 dni. Je\u017celi dotrzymanie tego terminu nie jest mo\u017cliwe, podmiot publiczny niezw\u0142ocznie informuje o tym, kiedy realizacja \u017c\u0105dania b\u0119dzie mo\u017cliwa, przy czym termin ten nie mo\u017ce by\u0107 d\u0142u\u017cszy ni\u017c 2 miesi\u0105ce. Je\u017celi zapewnienie dost\u0119pno\u015bci nie jest mo\u017cliwe, podmiot publiczny mo\u017ce zaproponowa\u0107 alternatywny spos\u00f3b dost\u0119pu do informacji.<br>W przypadku, gdy podmiot publiczny odm\u00f3wi realizacji \u017c\u0105dania zapewnienia dost\u0119pno\u015bci lub alternatywnego dost\u0119pu do informacji, mo\u017cna z\u0142o\u017cy\u0107 do podmiotu skarg\u0119 na takie dzia\u0142anie.<br>Po wyczerpaniu wskazanej wy\u017cej procedury skarg\u0119 mo\u017cna z\u0142o\u017cy\u0107 do Rzecznika Praw Obywatelskich <a href=\"https:\/\/www.rpo.gov.pl\/pl\/\">https:\/\/www.rpo.gov.pl\/pl\/<\/a><br><br>Dyrektor Szko\u0142y:<br>(-) Anna Szczepa\u0144ska-Filipp<\/p>\n\n\n\n<p>Deklaracj\u0119 sporz\u0105dzono dnia: 2026-01-23<\/p>\n","protected":false},"excerpt":{"rendered":"<p>DEKLARACJA DOST\u0118PNO\u015aCI 2025 XL Liceum Og\u00f3lnokszta\u0142c\u0105ce z Oddzia\u0142ami Dwuj\u0119zycznymi im. Stefana \u017beromskiego w Warszawie zobowi\u0105zuje si\u0119 zapewni\u0107 dost\u0119pno\u015b\u0107 m.in. swojej strony internetowej zgodnie z przepisami ustawy z dnia 4 kwietnia 2019 r. o dost\u0119pno\u015bci cyfrowej stron internetowych i aplikacji mobilnych podmiot\u00f3w publicznych. O\u015bwiadczenie w sprawie dost\u0119pno\u015bci ma zastosowanie do publikacji w Biuletynie Informacji Publicznej XL [&hellip;]<\/p>\n","protected":false},"author":2,"featured_media":0,"parent":0,"menu_order":0,"comment_status":"closed","ping_status":"closed","template":"","meta":{"ocean_post_layout":"","ocean_both_sidebars_style":"","ocean_both_sidebars_content_width":0,"ocean_both_sidebars_sidebars_width":0,"ocean_sidebar":"","ocean_second_sidebar":"","ocean_disable_margins":"enable","ocean_add_body_class":"","ocean_shortcode_before_top_bar":"","ocean_shortcode_after_top_bar":"","ocean_shortcode_before_header":"","ocean_shortcode_after_header":"","ocean_has_shortcode":"","ocean_shortcode_after_title":"","ocean_shortcode_before_footer_widgets":"","ocean_shortcode_after_footer_widgets":"","ocean_shortcode_before_footer_bottom":"","ocean_shortcode_after_footer_bottom":"","ocean_display_top_bar":"default","ocean_display_header":"default","ocean_header_style":"","ocean_center_header_left_menu":"","ocean_custom_header_template":"","ocean_custom_logo":0,"ocean_custom_retina_logo":0,"ocean_custom_logo_max_width":0,"ocean_custom_logo_tablet_max_width":0,"ocean_custom_logo_mobile_max_width":0,"ocean_custom_logo_max_height":0,"ocean_custom_logo_tablet_max_height":0,"ocean_custom_logo_mobile_max_height":0,"ocean_header_custom_menu":"","ocean_menu_typo_font_family":"","ocean_menu_typo_font_subset":"","ocean_menu_typo_font_size":0,"ocean_menu_typo_font_size_tablet":0,"ocean_menu_typo_font_size_mobile":0,"ocean_menu_typo_font_size_unit":"px","ocean_menu_typo_font_weight":"","ocean_menu_typo_font_weight_tablet":"","ocean_menu_typo_font_weight_mobile":"","ocean_menu_typo_transform":"","ocean_menu_typo_transform_tablet":"","ocean_menu_typo_transform_mobile":"","ocean_menu_typo_line_height":0,"ocean_menu_typo_line_height_tablet":0,"ocean_menu_typo_line_height_mobile":0,"ocean_menu_typo_line_height_unit":"","ocean_menu_typo_spacing":0,"ocean_menu_typo_spacing_tablet":0,"ocean_menu_typo_spacing_mobile":0,"ocean_menu_typo_spacing_unit":"","ocean_menu_link_color":"","ocean_menu_link_color_hover":"","ocean_menu_link_color_active":"","ocean_menu_link_background":"","ocean_menu_link_hover_background":"","ocean_menu_link_active_background":"","ocean_menu_social_links_bg":"","ocean_menu_social_hover_links_bg":"","ocean_menu_social_links_color":"","ocean_menu_social_hover_links_color":"","ocean_disable_title":"default","ocean_disable_heading":"default","ocean_post_title":"","ocean_post_subheading":"","ocean_post_title_style":"","ocean_post_title_background_color":"","ocean_post_title_background":0,"ocean_post_title_bg_image_position":"","ocean_post_title_bg_image_attachment":"","ocean_post_title_bg_image_repeat":"","ocean_post_title_bg_image_size":"","ocean_post_title_height":0,"ocean_post_title_bg_overlay":0.5,"ocean_post_title_bg_overlay_color":"","ocean_disable_breadcrumbs":"default","ocean_breadcrumbs_color":"","ocean_breadcrumbs_separator_color":"","ocean_breadcrumbs_links_color":"","ocean_breadcrumbs_links_hover_color":"","ocean_display_footer_widgets":"default","ocean_display_footer_bottom":"default","ocean_custom_footer_template":"","footnotes":""},"class_list":["post-113","page","type-page","status-publish","hentry","entry"],"_links":{"self":[{"href":"https:\/\/zeromski.waw.pl\/bip\/wp-json\/wp\/v2\/pages\/113","targetHints":{"allow":["GET"]}}],"collection":[{"href":"https:\/\/zeromski.waw.pl\/bip\/wp-json\/wp\/v2\/pages"}],"about":[{"href":"https:\/\/zeromski.waw.pl\/bip\/wp-json\/wp\/v2\/types\/page"}],"author":[{"embeddable":true,"href":"https:\/\/zeromski.waw.pl\/bip\/wp-json\/wp\/v2\/users\/2"}],"replies":[{"embeddable":true,"href":"https:\/\/zeromski.waw.pl\/bip\/wp-json\/wp\/v2\/comments?post=113"}],"version-history":[{"count":4,"href":"https:\/\/zeromski.waw.pl\/bip\/wp-json\/wp\/v2\/pages\/113\/revisions"}],"predecessor-version":[{"id":163,"href":"https:\/\/zeromski.waw.pl\/bip\/wp-json\/wp\/v2\/pages\/113\/revisions\/163"}],"wp:attachment":[{"href":"https:\/\/zeromski.waw.pl\/bip\/wp-json\/wp\/v2\/media?parent=113"}],"curies":[{"name":"wp","href":"https:\/\/api.w.org\/{rel}","templated":true}]}}