{"id":14,"date":"2022-04-21T15:46:19","date_gmt":"2022-04-21T13:46:19","guid":{"rendered":"https:\/\/zeromski.waw.pl\/bip\/?page_id=14"},"modified":"2025-05-07T13:36:45","modified_gmt":"2025-05-07T11:36:45","slug":"zalatwianie-spraw","status":"publish","type":"page","link":"https:\/\/zeromski.waw.pl\/bip\/zalatwianie-spraw\/","title":{"rendered":"Za\u0142atwianie spraw"},"content":{"rendered":"\n<h3 class=\"wp-block-heading has-white-color has-cyan-bluish-gray-background-color has-text-color has-background has-link-color has-medium-font-size wp-elements-d760f6712c1efd7710d6d4bd40278fd9\">Sekretariat Liceum<\/h3>\n\n\n\n<p><strong>Przyjmowanie i za\u0142atwianie spraw<\/strong><\/p>\n\n\n\n<p>Sekretariat Liceum przyjmuje interesant\u00f3w w dni robocze (poniedzia\u0142ek \u2013 pi\u0105tek) w godzinach 8.00 \u2013 15.00<\/p>\n\n\n\n<p>tel. (22) 620 99 68<\/p>\n\n\n\n<p>e-mail: <em>lo40.zeromski@eduwarszawa.pl<\/em>     <\/p>\n\n\n\n<p>Adres i telefon dost\u0119pne s\u0105 na <a href=\"https:\/\/zeromski.waw.pl\/bip\/\">stronie g\u0142\u00f3wnej biuletynu<\/a><\/p>\n\n\n\n<p class=\"has-white-color has-cyan-bluish-gray-background-color has-text-color has-background has-link-color has-medium-font-size wp-elements-6f85bec83d0399319101621a70b2ae01\"><strong>Godziny dost\u0119pno\u015bci Dyrektora szko\u0142y<\/strong><\/p>\n\n\n\n<p class=\"has-medium-font-size\"><strong>Dyrektor:\u00a0Anna Szczepa\u0144ska-Filipp<\/strong><\/p>\n\n\n\n<p><strong>Godziny przyj\u0119\u0107 po wcze\u015bniejszym um\u00f3wieniu si\u0119<\/strong>:<br>\u015brody, godz. 13.00 \u2013 15.00<br>pi\u0105tki, godz. 8.00 \u2013 10.00<\/p>\n\n\n\n<p><strong>Umawianie spotka\u0144 przez sekretariat szko\u0142y, tel. 22&nbsp;620 99 68, 22&nbsp;654 95 82<\/strong><\/p>\n\n\n\n<h3 class=\"wp-block-heading\">Informacje nieudost\u0119pnione w Biuletynie<\/h3>\n\n\n\n<p>W celu uzyskania informacji nieudost\u0119pnionych w Biuletynie nale\u017cy zwr\u00f3ci\u0107 si\u0119 bezpo\u015brednio do sekretariatu<\/p>\n","protected":false},"excerpt":{"rendered":"<p>Sekretariat Liceum Przyjmowanie i za\u0142atwianie spraw Sekretariat Liceum przyjmuje interesant\u00f3w w dni robocze (poniedzia\u0142ek \u2013 pi\u0105tek) w godzinach 8.00 \u2013 15.00 tel. (22) 620 99 68 e-mail: lo40.zeromski@eduwarszawa.pl Adres i telefon dost\u0119pne s\u0105 na stronie g\u0142\u00f3wnej biuletynu Godziny dost\u0119pno\u015bci Dyrektora szko\u0142y Dyrektor:\u00a0Anna Szczepa\u0144ska-Filipp Godziny przyj\u0119\u0107 po wcze\u015bniejszym um\u00f3wieniu si\u0119:\u015brody, godz. 13.00 \u2013 15.00pi\u0105tki, godz. 8.00 [&hellip;]<\/p>\n","protected":false},"author":1,"featured_media":0,"parent":0,"menu_order":0,"comment_status":"closed","ping_status":"closed","template":"","meta":{"ocean_post_layout":"","ocean_both_sidebars_style":"","ocean_both_sidebars_content_width":0,"ocean_both_sidebars_sidebars_width":0,"ocean_sidebar":"0","ocean_second_sidebar":"0","ocean_disable_margins":"enable","ocean_add_body_class":"","ocean_shortcode_before_top_bar":"","ocean_shortcode_after_top_bar":"","ocean_shortcode_before_header":"","ocean_shortcode_after_header":"","ocean_has_shortcode":"","ocean_shortcode_after_title":"","ocean_shortcode_before_footer_widgets":"","ocean_shortcode_after_footer_widgets":"","ocean_shortcode_before_footer_bottom":"","ocean_shortcode_after_footer_bottom":"","ocean_display_top_bar":"default","ocean_display_header":"default","ocean_header_style":"","ocean_center_header_left_menu":"0","ocean_custom_header_template":"0","ocean_custom_logo":0,"ocean_custom_retina_logo":0,"ocean_custom_logo_max_width":0,"ocean_custom_logo_tablet_max_width":0,"ocean_custom_logo_mobile_max_width":0,"ocean_custom_logo_max_height":0,"ocean_custom_logo_tablet_max_height":0,"ocean_custom_logo_mobile_max_height":0,"ocean_header_custom_menu":"0","ocean_menu_typo_font_family":"0","ocean_menu_typo_font_subset":"","ocean_menu_typo_font_size":0,"ocean_menu_typo_font_size_tablet":0,"ocean_menu_typo_font_size_mobile":0,"ocean_menu_typo_font_size_unit":"px","ocean_menu_typo_font_weight":"","ocean_menu_typo_font_weight_tablet":"","ocean_menu_typo_font_weight_mobile":"","ocean_menu_typo_transform":"","ocean_menu_typo_transform_tablet":"","ocean_menu_typo_transform_mobile":"","ocean_menu_typo_line_height":0,"ocean_menu_typo_line_height_tablet":0,"ocean_menu_typo_line_height_mobile":0,"ocean_menu_typo_line_height_unit":"","ocean_menu_typo_spacing":0,"ocean_menu_typo_spacing_tablet":0,"ocean_menu_typo_spacing_mobile":0,"ocean_menu_typo_spacing_unit":"","ocean_menu_link_color":"","ocean_menu_link_color_hover":"","ocean_menu_link_color_active":"","ocean_menu_link_background":"","ocean_menu_link_hover_background":"","ocean_menu_link_active_background":"","ocean_menu_social_links_bg":"","ocean_menu_social_hover_links_bg":"","ocean_menu_social_links_color":"","ocean_menu_social_hover_links_color":"","ocean_disable_title":"default","ocean_disable_heading":"default","ocean_post_title":"","ocean_post_subheading":"","ocean_post_title_style":"","ocean_post_title_background_color":"","ocean_post_title_background":0,"ocean_post_title_bg_image_position":"","ocean_post_title_bg_image_attachment":"","ocean_post_title_bg_image_repeat":"","ocean_post_title_bg_image_size":"","ocean_post_title_height":0,"ocean_post_title_bg_overlay":0.5,"ocean_post_title_bg_overlay_color":"","ocean_disable_breadcrumbs":"default","ocean_breadcrumbs_color":"","ocean_breadcrumbs_separator_color":"","ocean_breadcrumbs_links_color":"","ocean_breadcrumbs_links_hover_color":"","ocean_display_footer_widgets":"default","ocean_display_footer_bottom":"default","ocean_custom_footer_template":"0","footnotes":""},"class_list":["post-14","page","type-page","status-publish","hentry","entry"],"_links":{"self":[{"href":"https:\/\/zeromski.waw.pl\/bip\/wp-json\/wp\/v2\/pages\/14","targetHints":{"allow":["GET"]}}],"collection":[{"href":"https:\/\/zeromski.waw.pl\/bip\/wp-json\/wp\/v2\/pages"}],"about":[{"href":"https:\/\/zeromski.waw.pl\/bip\/wp-json\/wp\/v2\/types\/page"}],"author":[{"embeddable":true,"href":"https:\/\/zeromski.waw.pl\/bip\/wp-json\/wp\/v2\/users\/1"}],"replies":[{"embeddable":true,"href":"https:\/\/zeromski.waw.pl\/bip\/wp-json\/wp\/v2\/comments?post=14"}],"version-history":[{"count":6,"href":"https:\/\/zeromski.waw.pl\/bip\/wp-json\/wp\/v2\/pages\/14\/revisions"}],"predecessor-version":[{"id":120,"href":"https:\/\/zeromski.waw.pl\/bip\/wp-json\/wp\/v2\/pages\/14\/revisions\/120"}],"wp:attachment":[{"href":"https:\/\/zeromski.waw.pl\/bip\/wp-json\/wp\/v2\/media?parent=14"}],"curies":[{"name":"wp","href":"https:\/\/api.w.org\/{rel}","templated":true}]}}